{"id":41,"date":"2025-07-16T18:53:16","date_gmt":"2025-07-16T18:53:16","guid":{"rendered":"http:\/\/localhost\/epikIA\/index.php\/details-devenement\/"},"modified":"2025-07-16T18:53:16","modified_gmt":"2025-07-16T18:53:16","slug":"details-devenement","status":"publish","type":"page","link":"https:\/\/epikleaders.org\/en\/details-devenement\/","title":{"rendered":"D\u00e9tails d&rsquo;\u00c9v\u00e9nement"},"content":{"rendered":"","protected":false},"excerpt":{"rendered":"","protected":false},"author":1,"featured_media":0,"parent":0,"menu_order":0,"comment_status":"closed","ping_status":"closed","template":"event-details.php","meta":{"footnotes":""},"class_list":["post-41","page","type-page","status-publish","hentry"],"_links":{"self":[{"href":"https:\/\/epikleaders.org\/en\/wp-json\/wp\/v2\/pages\/41","targetHints":{"allow":["GET"]}}],"collection":[{"href":"https:\/\/epikleaders.org\/en\/wp-json\/wp\/v2\/pages"}],"about":[{"href":"https:\/\/epikleaders.org\/en\/wp-json\/wp\/v2\/types\/page"}],"author":[{"embeddable":true,"href":"https:\/\/epikleaders.org\/en\/wp-json\/wp\/v2\/users\/1"}],"replies":[{"embeddable":true,"href":"https:\/\/epikleaders.org\/en\/wp-json\/wp\/v2\/comments?post=41"}],"version-history":[{"count":0,"href":"https:\/\/epikleaders.org\/en\/wp-json\/wp\/v2\/pages\/41\/revisions"}],"wp:attachment":[{"href":"https:\/\/epikleaders.org\/en\/wp-json\/wp\/v2\/media?parent=41"}],"curies":[{"name":"wp","href":"https:\/\/api.w.org\/{rel}","templated":true}]}}